{"id":22,"date":"2024-01-24T15:16:44","date_gmt":"2024-01-24T14:16:44","guid":{"rendered":"https:\/\/dev.ocsun.fr\/?page_id=22"},"modified":"2024-02-22T15:53:25","modified_gmt":"2024-02-22T14:53:25","slug":"bureau-detude","status":"publish","type":"page","link":"https:\/\/ocsun.fr\/en\/nos-savoir-faire\/bureau-detude\/","title":{"rendered":"Bureau d&rsquo;\u00e9tude"},"content":{"rendered":"<div data-elementor-type=\"wp-page\" data-elementor-id=\"22\" class=\"elementor elementor-22\" data-elementor-post-type=\"page\">\n\t\t\t\t<div class=\"elementor-element elementor-element-21fe094 e-flex e-con-boxed e-con e-parent\" data-id=\"21fe094\" data-element_type=\"container\" data-e-type=\"container\" data-settings=\"{&quot;background_background&quot;:&quot;classic&quot;,&quot;shape_divider_bottom&quot;:&quot;curve&quot;,&quot;shape_divider_bottom_negative&quot;:&quot;yes&quot;}\">\n\t\t\t\t\t<div class=\"e-con-inner\">\n\t\t\t\t<div class=\"elementor-shape elementor-shape-bottom\" aria-hidden=\"true\" data-negative=\"true\">\n\t\t\t<svg xmlns=\"http:\/\/www.w3.org\/2000\/svg\" viewbox=\"0 0 1000 100\" preserveaspectratio=\"none\">\n\t<path class=\"elementor-shape-fill\" d=\"M500,97C126.7,96.3,0.8,19.8,0,0v100l1000,0V1C1000,19.4,873.3,97.8,500,97z\"\/>\n<\/svg>\t\t<\/div>\n\t\t\t\t<div class=\"elementor-element elementor-element-d937f24 animated-slow elementor-invisible elementor-widget elementor-widget-heading\" data-id=\"d937f24\" data-element_type=\"widget\" data-e-type=\"widget\" data-settings=\"{&quot;_animation&quot;:&quot;fadeInUp&quot;}\" data-widget_type=\"heading.default\">\n\t\t\t\t\t<h1 class=\"elementor-heading-title elementor-size-default\">Bureau d'\u00e9tude<\/h1>\t\t\t\t<\/div>\n\t\t\t\t<div class=\"elementor-element elementor-element-a77778b elementor-widget-divider--view-line elementor-invisible elementor-widget elementor-widget-divider\" data-id=\"a77778b\" data-element_type=\"widget\" data-e-type=\"widget\" data-settings=\"{&quot;_animation&quot;:&quot;fadeInUp&quot;,&quot;_animation_delay&quot;:200}\" data-widget_type=\"divider.default\">\n\t\t\t\t\t\t\t<div class=\"elementor-divider\">\n\t\t\t<span class=\"elementor-divider-separator\">\n\t\t\t\t\t\t<\/span>\n\t\t<\/div>\n\t\t\t\t\t\t<\/div>\n\t\t\t\t\t<\/div>\n\t\t\t\t<\/div>\n\t\t<div class=\"elementor-element elementor-element-f85946d e-flex e-con-boxed e-con e-parent\" data-id=\"f85946d\" data-element_type=\"container\" data-e-type=\"container\">\n\t\t\t\t\t<div class=\"e-con-inner\">\n\t\t<div class=\"elementor-element elementor-element-1e24946 e-flex e-con-boxed e-con e-child\" data-id=\"1e24946\" data-element_type=\"container\" data-e-type=\"container\" data-settings=\"{&quot;background_background&quot;:&quot;classic&quot;}\">\n\t\t\t\t\t<div class=\"e-con-inner\">\n\t\t\t\t<div class=\"elementor-element elementor-element-4ce4595 elementor-widget elementor-widget-heading\" data-id=\"4ce4595\" data-element_type=\"widget\" data-e-type=\"widget\" data-widget_type=\"heading.default\">\n\t\t\t\t\t<h2 class=\"elementor-heading-title elementor-size-default\">Ca arrive bient\u00f4t !<\/h2>\t\t\t\t<\/div>\n\t\t\t\t<div class=\"elementor-element elementor-element-b08bcbc elementor-widget elementor-widget-text-editor\" data-id=\"b08bcbc\" data-element_type=\"widget\" data-e-type=\"widget\" data-widget_type=\"text-editor.default\">\n\t\t\t\t\t\t\t\t\t<p><strong>Notre site est en cours de construction et le contenu de cette page sera bient\u00f4t disponible.<\/strong> N&rsquo;h\u00e9sitez pas \u00e0 <span style=\"text-decoration: underline; color: #e3672a;\"><a style=\"color: #e3672a; text-decoration: underline;\" href=\"https:\/\/ocsun.fr\/en\/contact\/\">nous contacter<\/a><\/span> pour toute information compl\u00e9mentaire.<\/p>\t\t\t\t\t\t\t\t<\/div>\n\t\t\t\t\t<\/div>\n\t\t\t\t<\/div>\n\t\t\t\t\t<\/div>\n\t\t\t\t<\/div>\n\t\t\t\t<\/div>","protected":false},"excerpt":{"rendered":"<p>Bureau d&rsquo;\u00e9tude Ca arrive bient\u00f4t ! Notre site est en cours de construction et le contenu de cette page sera [&hellip;]<\/p>\n","protected":false},"author":1,"featured_media":0,"parent":16,"menu_order":0,"comment_status":"closed","ping_status":"closed","template":"","meta":{"_acf_changed":false,"site-sidebar-layout":"no-sidebar","site-content-layout":"","ast-site-content-layout":"full-width-container","site-content-style":"default","site-sidebar-style":"default","ast-global-header-display":"","ast-banner-title-visibility":"","ast-main-header-display":"","ast-hfb-above-header-display":"","ast-hfb-below-header-display":"","ast-hfb-mobile-header-display":"","site-post-title":"disabled","ast-breadcrumbs-content":"","ast-featured-img":"disabled","footer-sml-layout":"","ast-disable-related-posts":"","theme-transparent-header-meta":"","adv-header-id-meta":"","stick-header-meta":"","header-above-stick-meta":"","header-main-stick-meta":"","header-below-stick-meta":"","astra-migrate-meta-layouts":"default","ast-page-background-enabled":"default","ast-page-background-meta":{"desktop":{"background-color":"var(--ast-global-color-4)","background-image":"","background-repeat":"repeat","background-position":"center center","background-size":"auto","background-attachment":"scroll","background-type":"","background-media":"","overlay-type":"","overlay-color":"","overlay-opacity":"","overlay-gradient":""},"tablet":{"background-color":"","background-image":"","background-repeat":"repeat","background-position":"center center","background-size":"auto","background-attachment":"scroll","background-type":"","background-media":"","overlay-type":"","overlay-color":"","overlay-opacity":"","overlay-gradient":""},"mobile":{"background-color":"","background-image":"","background-repeat":"repeat","background-position":"center center","background-size":"auto","background-attachment":"scroll","background-type":"","background-media":"","overlay-type":"","overlay-color":"","overlay-opacity":"","overlay-gradient":""}},"ast-content-background-meta":{"desktop":{"background-color":"var(--ast-global-color-5)","background-image":"","background-repeat":"repeat","background-position":"center center","background-size":"auto","background-attachment":"scroll","background-type":"","background-media":"","overlay-type":"","overlay-color":"","overlay-opacity":"","overlay-gradient":""},"tablet":{"background-color":"var(--ast-global-color-5)","background-image":"","background-repeat":"repeat","background-position":"center center","background-size":"auto","background-attachment":"scroll","background-type":"","background-media":"","overlay-type":"","overlay-color":"","overlay-opacity":"","overlay-gradient":""},"mobile":{"background-color":"var(--ast-global-color-5)","background-image":"","background-repeat":"repeat","background-position":"center center","background-size":"auto","background-attachment":"scroll","background-type":"","background-media":"","overlay-type":"","overlay-color":"","overlay-opacity":"","overlay-gradient":""}},"footnotes":""},"class_list":["post-22","page","type-page","status-publish","hentry"],"acf":[],"yoast_head":"<!-- This site is optimized with the Yoast SEO plugin v27.5 - https:\/\/yoast.com\/product\/yoast-seo-wordpress\/ -->\n<title>Bureau d&#039;\u00e9tude - OCSUN<\/title>\n<meta name=\"robots\" content=\"index, follow, max-snippet:-1, max-image-preview:large, max-video-preview:-1\" \/>\n<link rel=\"canonical\" href=\"https:\/\/ocsun.fr\/en\/nos-savoir-faire\/bureau-detude\/\" \/>\n<meta property=\"og:locale\" content=\"en_GB\" \/>\n<meta property=\"og:type\" content=\"article\" \/>\n<meta property=\"og:title\" content=\"Bureau d&#039;\u00e9tude - OCSUN\" \/>\n<meta property=\"og:description\" content=\"Bureau d&rsquo;\u00e9tude Ca arrive bient\u00f4t ! Notre site est en cours de construction et le contenu de cette page sera [&hellip;]\" \/>\n<meta property=\"og:url\" content=\"https:\/\/ocsun.fr\/en\/nos-savoir-faire\/bureau-detude\/\" \/>\n<meta property=\"og:site_name\" content=\"OCSUN\" \/>\n<meta property=\"article:modified_time\" content=\"2024-02-22T14:53:25+00:00\" \/>\n<meta name=\"twitter:card\" content=\"summary_large_image\" \/>\n<meta name=\"twitter:label1\" content=\"Estimated reading time\" \/>\n\t<meta name=\"twitter:data1\" content=\"1 minute\" \/>\n<script type=\"application\/ld+json\" class=\"yoast-schema-graph\">{\"@context\":\"https:\\\/\\\/schema.org\",\"@graph\":[{\"@type\":\"WebPage\",\"@id\":\"https:\\\/\\\/ocsun.fr\\\/nos-savoir-faire\\\/bureau-detude\\\/\",\"url\":\"https:\\\/\\\/ocsun.fr\\\/nos-savoir-faire\\\/bureau-detude\\\/\",\"name\":\"Bureau d'\u00e9tude - OCSUN\",\"isPartOf\":{\"@id\":\"https:\\\/\\\/ocsun.fr\\\/#website\"},\"datePublished\":\"2024-01-24T14:16:44+00:00\",\"dateModified\":\"2024-02-22T14:53:25+00:00\",\"breadcrumb\":{\"@id\":\"https:\\\/\\\/ocsun.fr\\\/nos-savoir-faire\\\/bureau-detude\\\/#breadcrumb\"},\"inLanguage\":\"en-GB\",\"potentialAction\":[{\"@type\":\"ReadAction\",\"target\":[\"https:\\\/\\\/ocsun.fr\\\/nos-savoir-faire\\\/bureau-detude\\\/\"]}]},{\"@type\":\"BreadcrumbList\",\"@id\":\"https:\\\/\\\/ocsun.fr\\\/nos-savoir-faire\\\/bureau-detude\\\/#breadcrumb\",\"itemListElement\":[{\"@type\":\"ListItem\",\"position\":1,\"name\":\"Accueil\",\"item\":\"https:\\\/\\\/ocsun.fr\\\/\"},{\"@type\":\"ListItem\",\"position\":2,\"name\":\"Nos savoir faire\",\"item\":\"https:\\\/\\\/ocsun.fr\\\/nos-savoir-faire\\\/\"},{\"@type\":\"ListItem\",\"position\":3,\"name\":\"Bureau d&rsquo;\u00e9tude\"}]},{\"@type\":\"WebSite\",\"@id\":\"https:\\\/\\\/ocsun.fr\\\/#website\",\"url\":\"https:\\\/\\\/ocsun.fr\\\/\",\"name\":\"OCSUN\",\"description\":\"\",\"publisher\":{\"@id\":\"https:\\\/\\\/ocsun.fr\\\/#organization\"},\"potentialAction\":[{\"@type\":\"SearchAction\",\"target\":{\"@type\":\"EntryPoint\",\"urlTemplate\":\"https:\\\/\\\/ocsun.fr\\\/?s={search_term_string}\"},\"query-input\":{\"@type\":\"PropertyValueSpecification\",\"valueRequired\":true,\"valueName\":\"search_term_string\"}}],\"inLanguage\":\"en-GB\"},{\"@type\":\"Organization\",\"@id\":\"https:\\\/\\\/ocsun.fr\\\/#organization\",\"name\":\"OCSUN\",\"url\":\"https:\\\/\\\/ocsun.fr\\\/\",\"logo\":{\"@type\":\"ImageObject\",\"inLanguage\":\"en-GB\",\"@id\":\"https:\\\/\\\/ocsun.fr\\\/#\\\/schema\\\/logo\\\/image\\\/\",\"url\":\"https:\\\/\\\/ocsun.fr\\\/wp-content\\\/uploads\\\/2024\\\/01\\\/LOGO-OCSUN.png\",\"contentUrl\":\"https:\\\/\\\/ocsun.fr\\\/wp-content\\\/uploads\\\/2024\\\/01\\\/LOGO-OCSUN.png\",\"width\":3454,\"height\":597,\"caption\":\"OCSUN\"},\"image\":{\"@id\":\"https:\\\/\\\/ocsun.fr\\\/#\\\/schema\\\/logo\\\/image\\\/\"}}]}<\/script>\n<!-- \/ Yoast SEO plugin. -->","yoast_head_json":{"title":"Bureau d'\u00e9tude - OCSUN","robots":{"index":"index","follow":"follow","max-snippet":"max-snippet:-1","max-image-preview":"max-image-preview:large","max-video-preview":"max-video-preview:-1"},"canonical":"https:\/\/ocsun.fr\/en\/nos-savoir-faire\/bureau-detude\/","og_locale":"en_GB","og_type":"article","og_title":"Bureau d'\u00e9tude - OCSUN","og_description":"Bureau d&rsquo;\u00e9tude Ca arrive bient\u00f4t ! Notre site est en cours de construction et le contenu de cette page sera [&hellip;]","og_url":"https:\/\/ocsun.fr\/en\/nos-savoir-faire\/bureau-detude\/","og_site_name":"OCSUN","article_modified_time":"2024-02-22T14:53:25+00:00","twitter_card":"summary_large_image","twitter_misc":{"Estimated reading time":"1 minute"},"schema":{"@context":"https:\/\/schema.org","@graph":[{"@type":"WebPage","@id":"https:\/\/ocsun.fr\/nos-savoir-faire\/bureau-detude\/","url":"https:\/\/ocsun.fr\/nos-savoir-faire\/bureau-detude\/","name":"Bureau d'\u00e9tude - OCSUN","isPartOf":{"@id":"https:\/\/ocsun.fr\/#website"},"datePublished":"2024-01-24T14:16:44+00:00","dateModified":"2024-02-22T14:53:25+00:00","breadcrumb":{"@id":"https:\/\/ocsun.fr\/nos-savoir-faire\/bureau-detude\/#breadcrumb"},"inLanguage":"en-GB","potentialAction":[{"@type":"ReadAction","target":["https:\/\/ocsun.fr\/nos-savoir-faire\/bureau-detude\/"]}]},{"@type":"BreadcrumbList","@id":"https:\/\/ocsun.fr\/nos-savoir-faire\/bureau-detude\/#breadcrumb","itemListElement":[{"@type":"ListItem","position":1,"name":"Accueil","item":"https:\/\/ocsun.fr\/"},{"@type":"ListItem","position":2,"name":"Nos savoir faire","item":"https:\/\/ocsun.fr\/nos-savoir-faire\/"},{"@type":"ListItem","position":3,"name":"Bureau d&rsquo;\u00e9tude"}]},{"@type":"WebSite","@id":"https:\/\/ocsun.fr\/#website","url":"https:\/\/ocsun.fr\/","name":"OCSUN","description":"","publisher":{"@id":"https:\/\/ocsun.fr\/#organization"},"potentialAction":[{"@type":"SearchAction","target":{"@type":"EntryPoint","urlTemplate":"https:\/\/ocsun.fr\/?s={search_term_string}"},"query-input":{"@type":"PropertyValueSpecification","valueRequired":true,"valueName":"search_term_string"}}],"inLanguage":"en-GB"},{"@type":"Organization","@id":"https:\/\/ocsun.fr\/#organization","name":"OCSUN","url":"https:\/\/ocsun.fr\/","logo":{"@type":"ImageObject","inLanguage":"en-GB","@id":"https:\/\/ocsun.fr\/#\/schema\/logo\/image\/","url":"https:\/\/ocsun.fr\/wp-content\/uploads\/2024\/01\/LOGO-OCSUN.png","contentUrl":"https:\/\/ocsun.fr\/wp-content\/uploads\/2024\/01\/LOGO-OCSUN.png","width":3454,"height":597,"caption":"OCSUN"},"image":{"@id":"https:\/\/ocsun.fr\/#\/schema\/logo\/image\/"}}]}},"_links":{"self":[{"href":"https:\/\/ocsun.fr\/en\/wp-json\/wp\/v2\/pages\/22","targetHints":{"allow":["GET"]}}],"collection":[{"href":"https:\/\/ocsun.fr\/en\/wp-json\/wp\/v2\/pages"}],"about":[{"href":"https:\/\/ocsun.fr\/en\/wp-json\/wp\/v2\/types\/page"}],"author":[{"embeddable":true,"href":"https:\/\/ocsun.fr\/en\/wp-json\/wp\/v2\/users\/1"}],"replies":[{"embeddable":true,"href":"https:\/\/ocsun.fr\/en\/wp-json\/wp\/v2\/comments?post=22"}],"version-history":[{"count":0,"href":"https:\/\/ocsun.fr\/en\/wp-json\/wp\/v2\/pages\/22\/revisions"}],"up":[{"embeddable":true,"href":"https:\/\/ocsun.fr\/en\/wp-json\/wp\/v2\/pages\/16"}],"wp:attachment":[{"href":"https:\/\/ocsun.fr\/en\/wp-json\/wp\/v2\/media?parent=22"}],"curies":[{"name":"wp","href":"https:\/\/api.w.org\/{rel}","templated":true}]}}